{"id":11844,"date":"2025-12-12T17:20:27","date_gmt":"2025-12-12T17:20:27","guid":{"rendered":"https:\/\/www.justinegrosset.com\/?page_id=11844"},"modified":"2025-12-24T11:38:49","modified_gmt":"2025-12-24T11:38:49","slug":"call-for-applications-brand-strategy","status":"publish","type":"page","link":"https:\/\/www.justinegrosset.com\/en\/call-for-applications-brand-strategy\/","title":{"rendered":"Call for branding applications"},"content":{"rendered":"<div data-elementor-type=\"wp-page\" data-elementor-id=\"11844\" class=\"elementor elementor-11844\">\n\t\t\t\t\t\t<section class=\"elementor-section elementor-top-section elementor-element elementor-element-252c5f6a elementor-section-boxed elementor-section-height-default elementor-section-height-default\" data-id=\"252c5f6a\" data-element_type=\"section\">\n\t\t\t\t\t\t<div class=\"elementor-container elementor-column-gap-default\">\n\t\t\t\t\t<div class=\"elementor-column elementor-col-100 elementor-top-column elementor-element elementor-element-66d95364\" data-id=\"66d95364\" data-element_type=\"column\">\n\t\t\t<div class=\"elementor-widget-wrap elementor-element-populated\">\n\t\t\t\t\t\t<div class=\"elementor-element elementor-element-4def5308 elementor-widget elementor-widget-heading\" data-id=\"4def5308\" data-element_type=\"widget\" data-widget_type=\"heading.default\">\n\t\t\t\t<div class=\"elementor-widget-container\">\n\t\t\t<h1 class=\"elementor-heading-title elementor-size-default\">Brand strategy support :<br>Call for applications<\/h1>\t\t<\/div>\n\t\t\t\t<\/div>\n\t\t\t\t\t<\/div>\n\t\t<\/div>\n\t\t\t\t\t<\/div>\n\t\t<\/section>\n\t\t\t\t<section class=\"elementor-section elementor-top-section elementor-element elementor-element-6e1bebe9 elementor-section-boxed elementor-section-height-default elementor-section-height-default\" data-id=\"6e1bebe9\" data-element_type=\"section\">\n\t\t\t\t\t\t<div class=\"elementor-container elementor-column-gap-default\">\n\t\t\t\t\t<div class=\"elementor-column elementor-col-100 elementor-top-column elementor-element elementor-element-4fe36b82\" data-id=\"4fe36b82\" data-element_type=\"column\">\n\t\t\t<div class=\"elementor-widget-wrap elementor-element-populated\">\n\t\t\t\t\t\t<div class=\"elementor-element elementor-element-6e6817cd elementor-widget elementor-widget-spacer\" data-id=\"6e6817cd\" data-element_type=\"widget\" data-widget_type=\"spacer.default\">\n\t\t\t\t<div class=\"elementor-widget-container\">\n\t\t\t\t\t<div class=\"elementor-spacer\">\n\t\t\t<div class=\"elementor-spacer-inner\"><\/div>\n\t\t<\/div>\n\t\t\t\t<\/div>\n\t\t\t\t<\/div>\n\t\t\t\t\t<\/div>\n\t\t<\/div>\n\t\t\t\t\t<\/div>\n\t\t<\/section>\n\t\t\t\t<section class=\"elementor-section elementor-top-section elementor-element elementor-element-39e7dec1 elementor-section-boxed elementor-section-height-default elementor-section-height-default\" data-id=\"39e7dec1\" data-element_type=\"section\">\n\t\t\t\t\t\t<div class=\"elementor-container elementor-column-gap-default\">\n\t\t\t\t\t<div class=\"elementor-column elementor-col-50 elementor-top-column elementor-element elementor-element-4cc6c3e0\" data-id=\"4cc6c3e0\" data-element_type=\"column\">\n\t\t\t<div class=\"elementor-widget-wrap elementor-element-populated\">\n\t\t\t\t\t\t<div class=\"elementor-element elementor-element-43dd905e elementor-widget elementor-widget-text-editor\" data-id=\"43dd905e\" data-element_type=\"widget\" data-widget_type=\"text-editor.default\">\n\t\t\t\t<div class=\"elementor-widget-container\">\n\t\t\t\t\t\t\t<p data-start=\"618\" data-end=\"693\">A<b> marketing strategy is no accident.<\/b><\/p><p data-start=\"618\" data-end=\"693\"><b>It's a decision you have to make.<\/b><\/p><p data-start=\"700\" data-end=\"812\">I'm opening up a place in the SPARK program for a project with a vision,<br data-start=\"757\" data-end=\"760\" \/>but still lacks strategic structure.<\/p><p data-start=\"819\" data-end=\"929\">This place will be awarded in January following a call for applications.<br data-start=\"881\" data-end=\"884\" \/>The selected project will be chosen by me and will benefit from full access to the \u00c9CLORE method to build a strong and powerful brand identity.<\/p><p data-start=\"819\" data-end=\"929\">Applications are open until January 15, 2026. The winning project will be contacted directly after selection.<\/p>\t\t\t\t\t\t<\/div>\n\t\t\t\t<\/div>\n\t\t\t\t\t<\/div>\n\t\t<\/div>\n\t\t\t\t<div class=\"elementor-column elementor-col-50 elementor-top-column elementor-element elementor-element-7cd2bcfb\" data-id=\"7cd2bcfb\" data-element_type=\"column\">\n\t\t\t<div class=\"elementor-widget-wrap elementor-element-populated\">\n\t\t\t\t\t\t<div class=\"elementor-element elementor-element-e5cd26a elementor-widget elementor-widget-text-editor\" data-id=\"e5cd26a\" data-element_type=\"widget\" data-widget_type=\"text-editor.default\">\n\t\t\t\t<div class=\"elementor-widget-container\">\n\t\t\t\t\t\t\t<p data-start=\"204\" data-end=\"257\"><strong data-start=\"204\" data-end=\"257\">A marketing strategy is never a matter of chance.<\/strong><\/p><p data-start=\"259\" data-end=\"284\"><b>It is a decision to make.<\/b><\/p><p data-start=\"286\" data-end=\"412\">I am opening one place in the \u00c9CLORE programme for a business project with a vision, but which still lacks strategic structure.<\/p><p data-start=\"414\" data-end=\"639\">This place will be awarded in January following an application process.<br data-start=\"485\" data-end=\"488\" \/>The selected project will be chosen by me and will receive full access to the \u00c9CLORE method to build a strong, coherent and distinctive brand identity.<\/p><p data-start=\"414\" data-end=\"639\"><span style=\"font-style: normal; text-align: start; font-size: medium;\">Applications are open until January 15, 2026.\u00a0<\/span><span style=\"font-style: normal; text-align: start; font-size: medium;\">The elected project will be contacted directly following the selection process.<\/span><\/p>\t\t\t\t\t\t<\/div>\n\t\t\t\t<\/div>\n\t\t\t\t\t<\/div>\n\t\t<\/div>\n\t\t\t\t\t<\/div>\n\t\t<\/section>\n\t\t\t\t<section class=\"elementor-section elementor-top-section elementor-element elementor-element-cb29ccd elementor-section-boxed elementor-section-height-default elementor-section-height-default\" data-id=\"cb29ccd\" data-element_type=\"section\">\n\t\t\t\t\t\t<div class=\"elementor-container elementor-column-gap-default\">\n\t\t\t\t\t<div class=\"elementor-column elementor-col-100 elementor-top-column elementor-element elementor-element-1ef2d96\" data-id=\"1ef2d96\" data-element_type=\"column\">\n\t\t\t<div class=\"elementor-widget-wrap elementor-element-populated\">\n\t\t\t\t\t\t<div class=\"elementor-element elementor-element-b98d950 elementor-widget elementor-widget-shortcode\" data-id=\"b98d950\" data-element_type=\"widget\" data-widget_type=\"shortcode.default\">\n\t\t\t\t<div class=\"elementor-widget-container\">\n\t\t\t\t\t<div class=\"elementor-shortcode\"><form id=\"forminator-module-11858\" class=\"forminator-custom-form forminator-custom-form-11858\" method=\"post\" data-forminator-render=\"0\" data-uid=\"69f1b43d9722d\" action=\"\"><div role=\"alert\" aria-live=\"polite\" class=\"forminator-response-message forminator-error\" aria-hidden=\"true\"><\/div><input type=\"hidden\" name=\"trp-form-language\" value=\"en\"\/><\/form><\/div>\n\t\t\t\t<\/div>\n\t\t\t\t<\/div>\n\t\t\t\t\t<\/div>\n\t\t<\/div>\n\t\t\t\t\t<\/div>\n\t\t<\/section>\n\t\t\t\t<\/div>","protected":false},"excerpt":{"rendered":"<p>Accompagnement strat\u00e9gie de marque :Appel \u00e0 candidature Une strat\u00e9gie marketing n&rsquo;est pas un hasard. C\u2019est une d\u00e9cision \u00e0 prendre. J\u2019ouvre une place dans le programme \u00c9CLORE pour un projet qui a une vision,mais manque encore de structure strat\u00e9gique. Cette place sera attribu\u00e9e en janvier \u00e0 l\u2019issue d\u2019un appel \u00e0 candidature.Le projet retenu sera choisi par &hellip;<\/p>\n<p class=\"read-more\"> <a class=\"\" href=\"https:\/\/www.justinegrosset.com\/en\/call-for-applications-brand-strategy\/\"> <span class=\"screen-reader-text\">Call for branding applications<\/span> Read More &raquo;<\/a><\/p>","protected":false},"author":1,"featured_media":0,"parent":0,"menu_order":0,"comment_status":"closed","ping_status":"closed","template":"","meta":{"_uag_custom_page_level_css":"","footnotes":""},"aioseo_notices":[],"yoast_head":"<!-- This site is optimized with the Yoast SEO plugin v24.5 - https:\/\/yoast.com\/wordpress\/plugins\/seo\/ -->\n<title>Appel \u00e0 candidature strat\u00e9gie de marque - Justine Grosset<\/title>\n<meta name=\"description\" content=\"R\u00e9dactrice et Consultante en Strat\u00e9gie de Contenus, j&#039;accompagne les acteurs du luxe durable dans la r\u00e9alisation de leurs projets en fran\u00e7ais et en anglais.\" \/>\n<meta name=\"robots\" content=\"index, follow, max-snippet:-1, max-image-preview:large, max-video-preview:-1\" \/>\n<link rel=\"canonical\" href=\"https:\/\/www.justinegrosset.com\/en\/call-for-applications-brand-strategy\/\" \/>\n<meta property=\"og:locale\" content=\"en_US\" \/>\n<meta property=\"og:type\" content=\"article\" \/>\n<meta property=\"og:title\" content=\"Appel \u00e0 candidature strat\u00e9gie de marque - Justine Grosset\" \/>\n<meta property=\"og:description\" content=\"R\u00e9dactrice et Consultante en Strat\u00e9gie de Contenus, j&#039;accompagne les acteurs du luxe durable dans la r\u00e9alisation de leurs projets en fran\u00e7ais et en anglais.\" \/>\n<meta property=\"og:url\" content=\"https:\/\/www.justinegrosset.com\/en\/call-for-applications-brand-strategy\/\" \/>\n<meta property=\"og:site_name\" content=\"Justine Grosset\" \/>\n<meta property=\"article:modified_time\" content=\"2025-12-24T11:38:49+00:00\" \/>\n<meta name=\"twitter:card\" content=\"summary_large_image\" \/>\n<meta name=\"twitter:label1\" content=\"Est. reading time\" \/>\n\t<meta name=\"twitter:data1\" content=\"1 minute\" \/>\n<script type=\"application\/ld+json\" class=\"yoast-schema-graph\">{\"@context\":\"https:\/\/schema.org\",\"@graph\":[{\"@type\":\"WebPage\",\"@id\":\"https:\/\/www.justinegrosset.com\/appel-a-candidature-brand-strategy\/\",\"url\":\"https:\/\/www.justinegrosset.com\/appel-a-candidature-brand-strategy\/\",\"name\":\"Appel \u00e0 candidature strat\u00e9gie de marque - Justine Grosset\",\"isPartOf\":{\"@id\":\"https:\/\/www.justinegrosset.com\/#website\"},\"datePublished\":\"2025-12-12T17:20:27+00:00\",\"dateModified\":\"2025-12-24T11:38:49+00:00\",\"description\":\"R\u00e9dactrice et Consultante en Strat\u00e9gie de Contenus, j'accompagne les acteurs du luxe durable dans la r\u00e9alisation de leurs projets en fran\u00e7ais et en anglais.\",\"breadcrumb\":{\"@id\":\"https:\/\/www.justinegrosset.com\/appel-a-candidature-brand-strategy\/#breadcrumb\"},\"inLanguage\":\"en-US\",\"potentialAction\":[{\"@type\":\"ReadAction\",\"target\":[\"https:\/\/www.justinegrosset.com\/appel-a-candidature-brand-strategy\/\"]}]},{\"@type\":\"BreadcrumbList\",\"@id\":\"https:\/\/www.justinegrosset.com\/appel-a-candidature-brand-strategy\/#breadcrumb\",\"itemListElement\":[{\"@type\":\"ListItem\",\"position\":1,\"name\":\"Accueil\",\"item\":\"https:\/\/www.justinegrosset.com\/\"},{\"@type\":\"ListItem\",\"position\":2,\"name\":\"Appel \u00e0 candidature strat\u00e9gie de marque\"}]},{\"@type\":\"WebSite\",\"@id\":\"https:\/\/www.justinegrosset.com\/#website\",\"url\":\"https:\/\/www.justinegrosset.com\/\",\"name\":\"justinegrosset\",\"description\":\"Consultante Strat\u00e9gie de Marque Luxe &amp; Art de Vivre\",\"publisher\":{\"@id\":\"https:\/\/www.justinegrosset.com\/#organization\"},\"potentialAction\":[{\"@type\":\"SearchAction\",\"target\":{\"@type\":\"EntryPoint\",\"urlTemplate\":\"https:\/\/www.justinegrosset.com\/?s={search_term_string}\"},\"query-input\":{\"@type\":\"PropertyValueSpecification\",\"valueRequired\":true,\"valueName\":\"search_term_string\"}}],\"inLanguage\":\"en-US\"},{\"@type\":\"Organization\",\"@id\":\"https:\/\/www.justinegrosset.com\/#organization\",\"name\":\"Justine Grosset - Studio d'\u00c9criture & Conseil en Identit\u00e9 de Marque\",\"url\":\"https:\/\/www.justinegrosset.com\/\",\"logo\":{\"@type\":\"ImageObject\",\"inLanguage\":\"en-US\",\"@id\":\"https:\/\/www.justinegrosset.com\/#\/schema\/logo\/image\/\",\"url\":\"https:\/\/www.justinegrosset.com\/wp-content\/uploads\/2025\/09\/Justine-Grosset_Brandmark-02_Brandmark-2-Dark.jpg\",\"contentUrl\":\"https:\/\/www.justinegrosset.com\/wp-content\/uploads\/2025\/09\/Justine-Grosset_Brandmark-02_Brandmark-2-Dark.jpg\",\"width\":1801,\"height\":1801,\"caption\":\"Justine Grosset - Studio d'\u00c9criture & Conseil en Identit\u00e9 de Marque\"},\"image\":{\"@id\":\"https:\/\/www.justinegrosset.com\/#\/schema\/logo\/image\/\"},\"sameAs\":[\"https:\/\/fr.pinterest.com\/Justinegrosset_studio\/\",\"https:\/\/www.instagram.com\/justinegrosset.studio\/\"]}]}<\/script>\n<!-- \/ Yoast SEO plugin. -->","yoast_head_json":{"title":"Appel \u00e0 candidature strat\u00e9gie de marque - Justine Grosset","description":"As a copywriter and Content Strategy Consultant, I support sustainable luxury players in the realization of their projects in French and English.","robots":{"index":"index","follow":"follow","max-snippet":"max-snippet:-1","max-image-preview":"max-image-preview:large","max-video-preview":"max-video-preview:-1"},"canonical":"https:\/\/www.justinegrosset.com\/en\/call-for-applications-brand-strategy\/","og_locale":"en_US","og_type":"article","og_title":"Appel \u00e0 candidature strat\u00e9gie de marque - Justine Grosset","og_description":"R\u00e9dactrice et Consultante en Strat\u00e9gie de Contenus, j'accompagne les acteurs du luxe durable dans la r\u00e9alisation de leurs projets en fran\u00e7ais et en anglais.","og_url":"https:\/\/www.justinegrosset.com\/en\/call-for-applications-brand-strategy\/","og_site_name":"Justine Grosset","article_modified_time":"2025-12-24T11:38:49+00:00","twitter_card":"summary_large_image","twitter_misc":{"Est. reading time":"1 minute"},"schema":{"@context":"https:\/\/schema.org","@graph":[{"@type":"WebPage","@id":"https:\/\/www.justinegrosset.com\/appel-a-candidature-brand-strategy\/","url":"https:\/\/www.justinegrosset.com\/appel-a-candidature-brand-strategy\/","name":"Appel \u00e0 candidature strat\u00e9gie de marque - Justine Grosset","isPartOf":{"@id":"https:\/\/www.justinegrosset.com\/#website"},"datePublished":"2025-12-12T17:20:27+00:00","dateModified":"2025-12-24T11:38:49+00:00","description":"As a copywriter and Content Strategy Consultant, I support sustainable luxury players in the realization of their projects in French and English.","breadcrumb":{"@id":"https:\/\/www.justinegrosset.com\/appel-a-candidature-brand-strategy\/#breadcrumb"},"inLanguage":"en-US","potentialAction":[{"@type":"ReadAction","target":["https:\/\/www.justinegrosset.com\/appel-a-candidature-brand-strategy\/"]}]},{"@type":"BreadcrumbList","@id":"https:\/\/www.justinegrosset.com\/appel-a-candidature-brand-strategy\/#breadcrumb","itemListElement":[{"@type":"ListItem","position":1,"name":"Accueil","item":"https:\/\/www.justinegrosset.com\/"},{"@type":"ListItem","position":2,"name":"Appel \u00e0 candidature strat\u00e9gie de marque"}]},{"@type":"WebSite","@id":"https:\/\/www.justinegrosset.com\/#website","url":"https:\/\/www.justinegrosset.com\/","name":"justinegrosset","description":"Consultante Strat\u00e9gie de Marque Luxe &amp; Art de Vivre","publisher":{"@id":"https:\/\/www.justinegrosset.com\/#organization"},"potentialAction":[{"@type":"SearchAction","target":{"@type":"EntryPoint","urlTemplate":"https:\/\/www.justinegrosset.com\/?s={search_term_string}"},"query-input":{"@type":"PropertyValueSpecification","valueRequired":true,"valueName":"search_term_string"}}],"inLanguage":"en-US"},{"@type":"Organization","@id":"https:\/\/www.justinegrosset.com\/#organization","name":"Justine Grosset - Writing Studio &amp; Brand Identity Consultant","url":"https:\/\/www.justinegrosset.com\/","logo":{"@type":"ImageObject","inLanguage":"en-US","@id":"https:\/\/www.justinegrosset.com\/#\/schema\/logo\/image\/","url":"https:\/\/www.justinegrosset.com\/wp-content\/uploads\/2025\/09\/Justine-Grosset_Brandmark-02_Brandmark-2-Dark.jpg","contentUrl":"https:\/\/www.justinegrosset.com\/wp-content\/uploads\/2025\/09\/Justine-Grosset_Brandmark-02_Brandmark-2-Dark.jpg","width":1801,"height":1801,"caption":"Justine Grosset - Studio d'\u00c9criture & Conseil en Identit\u00e9 de Marque"},"image":{"@id":"https:\/\/www.justinegrosset.com\/#\/schema\/logo\/image\/"},"sameAs":["https:\/\/fr.pinterest.com\/Justinegrosset_studio\/","https:\/\/www.instagram.com\/justinegrosset.studio\/"]}]}},"uagb_featured_image_src":{"full":false,"thumbnail":false,"medium":false,"medium_large":false,"large":false,"1536x1536":false,"2048x2048":false,"trp-custom-language-flag":false,"widget-thumbnail":false,"blog-list-post-size":false},"uagb_author_info":{"display_name":"Justine Grosset","author_link":"https:\/\/www.justinegrosset.com\/en\/author\/jgrosset\/"},"uagb_comment_info":0,"uagb_excerpt":"Accompagnement strat\u00e9gie de marque :Appel \u00e0 candidature Une strat\u00e9gie marketing n&rsquo;est pas un hasard. C\u2019est une d\u00e9cision \u00e0 prendre. J\u2019ouvre une place dans le programme \u00c9CLORE pour un projet qui a une vision,mais manque encore de structure strat\u00e9gique. Cette place sera attribu\u00e9e en janvier \u00e0 l\u2019issue d\u2019un appel \u00e0 candidature.Le projet retenu sera choisi par&hellip;","_links":{"self":[{"href":"https:\/\/www.justinegrosset.com\/en\/wp-json\/wp\/v2\/pages\/11844"}],"collection":[{"href":"https:\/\/www.justinegrosset.com\/en\/wp-json\/wp\/v2\/pages"}],"about":[{"href":"https:\/\/www.justinegrosset.com\/en\/wp-json\/wp\/v2\/types\/page"}],"author":[{"embeddable":true,"href":"https:\/\/www.justinegrosset.com\/en\/wp-json\/wp\/v2\/users\/1"}],"replies":[{"embeddable":true,"href":"https:\/\/www.justinegrosset.com\/en\/wp-json\/wp\/v2\/comments?post=11844"}],"version-history":[{"count":12,"href":"https:\/\/www.justinegrosset.com\/en\/wp-json\/wp\/v2\/pages\/11844\/revisions"}],"predecessor-version":[{"id":11861,"href":"https:\/\/www.justinegrosset.com\/en\/wp-json\/wp\/v2\/pages\/11844\/revisions\/11861"}],"wp:attachment":[{"href":"https:\/\/www.justinegrosset.com\/en\/wp-json\/wp\/v2\/media?parent=11844"}],"curies":[{"name":"wp","href":"https:\/\/api.w.org\/{rel}","templated":true}]}}